{"id":384,"date":"2023-04-15T01:00:58","date_gmt":"2023-04-15T01:00:58","guid":{"rendered":"https:\/\/sanpedrocorp.com.pe\/wb\/?page_id=384"},"modified":"2023-05-23T03:57:09","modified_gmt":"2023-05-23T03:57:09","slug":"proposito","status":"publish","type":"page","link":"https:\/\/sanpedrocorp.com.pe\/wb\/proposito\/","title":{"rendered":"Proposito"},"content":{"rendered":"\t\t<div data-elementor-type=\"wp-page\" data-elementor-id=\"384\" class=\"elementor elementor-384\">\n\t\t\t\t\t\t\t\t\t<section class=\"elementor-section elementor-top-section elementor-element elementor-element-c1dc572 elementor-section-boxed elementor-section-height-default elementor-section-height-default\" data-id=\"c1dc572\" data-element_type=\"section\">\n\t\t\t\t\t\t<div class=\"elementor-container elementor-column-gap-default\">\n\t\t\t\t\t<div class=\"elementor-column elementor-col-100 elementor-top-column elementor-element elementor-element-6075d93\" data-id=\"6075d93\" data-element_type=\"column\">\n\t\t\t<div class=\"elementor-widget-wrap elementor-element-populated\">\n\t\t\t\t\t\t\t\t<div class=\"elementor-element elementor-element-b4f4dd3 elementor-icon-list--layout-inline elementor-list-item-link-inline elementor-align-center elementor-widget elementor-widget-icon-list\" data-id=\"b4f4dd3\" data-element_type=\"widget\" data-widget_type=\"icon-list.default\">\n\t\t\t\t<div class=\"elementor-widget-container\">\n\t\t\t<link rel=\"stylesheet\" href=\"https:\/\/sanpedrocorp.com.pe\/wb\/wp-content\/plugins\/elementor\/assets\/css\/widget-icon-list.min.css\">\t\t<ul class=\"elementor-icon-list-items elementor-inline-items\">\n\t\t\t\t\t\t\t<li class=\"elementor-icon-list-item elementor-inline-item\">\n\t\t\t\t\t\t\t\t\t\t\t<a href=\"https:\/\/sanpedrocorp.com.pe\/wb\/nosotros\/\">\n\n\t\t\t\t\t\t\t\t\t\t\t\t<span class=\"elementor-icon-list-icon\">\n\t\t\t\t\t\t\t<i aria-hidden=\"true\" class=\"far fa-handshake\"><\/i>\t\t\t\t\t\t<\/span>\n\t\t\t\t\t\t\t\t\t\t<span class=\"elementor-icon-list-text\">Nosotros<\/span>\n\t\t\t\t\t\t\t\t\t\t\t<\/a>\n\t\t\t\t\t\t\t\t\t<\/li>\n\t\t\t\t\t\t\t\t<li class=\"elementor-icon-list-item elementor-inline-item\">\n\t\t\t\t\t\t\t\t\t\t\t<a href=\"https:\/\/sanpedrocorp.com.pe\/wb\/histoia\/\">\n\n\t\t\t\t\t\t\t\t\t\t\t\t<span class=\"elementor-icon-list-icon\">\n\t\t\t\t\t\t\t<i aria-hidden=\"true\" class=\"fas fa-book-open\"><\/i>\t\t\t\t\t\t<\/span>\n\t\t\t\t\t\t\t\t\t\t<span class=\"elementor-icon-list-text\">Historia<\/span>\n\t\t\t\t\t\t\t\t\t\t\t<\/a>\n\t\t\t\t\t\t\t\t\t<\/li>\n\t\t\t\t\t\t\t\t<li class=\"elementor-icon-list-item elementor-inline-item\">\n\t\t\t\t\t\t\t\t\t\t\t<a href=\"https:\/\/sanpedrocorp.com.pe\/wb\/proposito\/\">\n\n\t\t\t\t\t\t\t\t\t\t\t\t<span class=\"elementor-icon-list-icon\">\n\t\t\t\t\t\t\t<i aria-hidden=\"true\" class=\"far fa-dot-circle\"><\/i>\t\t\t\t\t\t<\/span>\n\t\t\t\t\t\t\t\t\t\t<span class=\"elementor-icon-list-text\">Proposito<\/span>\n\t\t\t\t\t\t\t\t\t\t\t<\/a>\n\t\t\t\t\t\t\t\t\t<\/li>\n\t\t\t\t\t\t\t\t<li class=\"elementor-icon-list-item elementor-inline-item\">\n\t\t\t\t\t\t\t\t\t\t\t<a href=\"https:\/\/sanpedrocorp.com.pe\/wb\/marcas\/\">\n\n\t\t\t\t\t\t\t\t\t\t\t\t<span class=\"elementor-icon-list-icon\">\n\t\t\t\t\t\t\t<i aria-hidden=\"true\" class=\"fas fa-code-branch\"><\/i>\t\t\t\t\t\t<\/span>\n\t\t\t\t\t\t\t\t\t\t<span class=\"elementor-icon-list-text\">Marcas<\/span>\n\t\t\t\t\t\t\t\t\t\t\t<\/a>\n\t\t\t\t\t\t\t\t\t<\/li>\n\t\t\t\t\t\t<\/ul>\n\t\t\t\t<\/div>\n\t\t\t\t<\/div>\n\t\t\t\t\t<\/div>\n\t\t<\/div>\n\t\t\t\t\t\t\t<\/div>\n\t\t<\/section>\n\t\t\t\t<section class=\"elementor-section elementor-top-section elementor-element elementor-element-b1dea57 elementor-section-boxed elementor-section-height-default elementor-section-height-default\" data-id=\"b1dea57\" data-element_type=\"section\">\n\t\t\t\t\t\t<div class=\"elementor-container elementor-column-gap-default\">\n\t\t\t\t\t<div class=\"elementor-column elementor-col-66 elementor-top-column elementor-element elementor-element-829811c\" data-id=\"829811c\" data-element_type=\"column\">\n\t\t\t<div class=\"elementor-widget-wrap elementor-element-populated\">\n\t\t\t\t\t\t\t\t<div class=\"elementor-element elementor-element-d56dc27 elementor-widget elementor-widget-text-editor\" data-id=\"d56dc27\" data-element_type=\"widget\" data-widget_type=\"text-editor.default\">\n\t\t\t\t<div class=\"elementor-widget-container\">\n\t\t\t<style>\/*! elementor - v3.13.2 - 11-05-2023 *\/\n.elementor-widget-text-editor.elementor-drop-cap-view-stacked .elementor-drop-cap{background-color:#69727d;color:#fff}.elementor-widget-text-editor.elementor-drop-cap-view-framed .elementor-drop-cap{color:#69727d;border:3px solid;background-color:transparent}.elementor-widget-text-editor:not(.elementor-drop-cap-view-default) .elementor-drop-cap{margin-top:8px}.elementor-widget-text-editor:not(.elementor-drop-cap-view-default) .elementor-drop-cap-letter{width:1em;height:1em}.elementor-widget-text-editor .elementor-drop-cap{float:left;text-align:center;line-height:1;font-size:50px}.elementor-widget-text-editor .elementor-drop-cap-letter{display:inline-block}<\/style>\t\t\t\t<p><span style=\"color: #000080;\">Proveer productos y materiales de construcci\u00f3n: Una ferreter\u00eda puede ofrecer una amplia gama de productos y materiales utilizados en proyectos de construcci\u00f3n, como madera, cemento, ladrillos, tuber\u00edas, cables, pintura, entre otros.<\/span><\/p><p><span style=\"font-style: inherit; font-weight: inherit; color: #000080; font-family: var( --e-global-typography-text-font-family ), Sans-serif; background-color: var(--ast-global-color-5);\">Suministrar herramientas y equipos: Las ferreter\u00edas suelen ofrecer una variedad de herramientas manuales y el\u00e9ctricas, equipos de jardiner\u00eda, maquinaria especializada y equipos de protecci\u00f3n personal para su venta o alquiler.<\/span><\/p><p><span style=\"font-style: inherit; font-weight: inherit; color: #000080; font-family: var( --e-global-typography-text-font-family ), Sans-serif; background-color: var(--ast-global-color-5);\">Asesorar a los clientes: Los empleados de una ferreter\u00eda pueden brindar asesoramiento t\u00e9cnico y recomendaciones a los clientes sobre los productos m\u00e1s adecuados para sus necesidades, as\u00ed como proporcionar instrucciones de uso y consejos pr\u00e1cticos.<\/span><\/p><p><span style=\"font-style: inherit; font-weight: inherit; color: #000080; font-family: var( --e-global-typography-text-font-family ), Sans-serif; background-color: var(--ast-global-color-5);\">Ofrecer servicios de reparaci\u00f3n y mantenimiento: Algunas ferreter\u00edas pueden ofrecer servicios de reparaci\u00f3n y mantenimiento de equipos y herramientas, lo que incluye afilado de cuchillas, reparaci\u00f3n de herramientas el\u00e9ctricas, reemplazo de piezas, entre otros.<\/span><\/p><p><span style=\"font-style: inherit; font-weight: inherit; color: #000080; font-family: var( --e-global-typography-text-font-family ), Sans-serif; background-color: var(--ast-global-color-5);\">Proporcionar soluciones integrales: Una ferreter\u00eda puede ofrecer soluciones integrales para proyectos espec\u00edficos, brindando a los clientes todo lo necesario para completar un proyecto, desde los materiales y herramientas hasta los productos complementarios.<\/span><\/p>\t\t\t\t\t\t<\/div>\n\t\t\t\t<\/div>\n\t\t\t\t\t<\/div>\n\t\t<\/div>\n\t\t\t\t<div class=\"elementor-column elementor-col-33 elementor-top-column elementor-element elementor-element-a9a111a\" data-id=\"a9a111a\" data-element_type=\"column\">\n\t\t\t<div class=\"elementor-widget-wrap elementor-element-populated\">\n\t\t\t\t\t\t\t\t<div class=\"elementor-element elementor-element-39a526e elementor-widget elementor-widget-image\" data-id=\"39a526e\" data-element_type=\"widget\" data-widget_type=\"image.default\">\n\t\t\t\t<div class=\"elementor-widget-container\">\n\t\t\t<style>\/*! elementor - v3.13.2 - 11-05-2023 *\/\n.elementor-widget-image{text-align:center}.elementor-widget-image a{display:inline-block}.elementor-widget-image a img[src$=\".svg\"]{width:48px}.elementor-widget-image img{vertical-align:middle;display:inline-block}<\/style>\t\t\t\t\t\t\t\t\t\t\t\t<img loading=\"lazy\" decoding=\"async\" width=\"653\" height=\"493\" src=\"https:\/\/sanpedrocorp.com.pe\/wb\/wp-content\/uploads\/2023\/05\/proposito.jpg\" class=\"attachment-large size-large wp-image-1241\" alt=\"Proposito\" srcset=\"https:\/\/sanpedrocorp.com.pe\/wb\/wp-content\/uploads\/2023\/05\/proposito.jpg 653w, https:\/\/sanpedrocorp.com.pe\/wb\/wp-content\/uploads\/2023\/05\/proposito-300x226.jpg 300w, https:\/\/sanpedrocorp.com.pe\/wb\/wp-content\/uploads\/2023\/05\/proposito-600x453.jpg 600w, https:\/\/sanpedrocorp.com.pe\/wb\/wp-content\/uploads\/2023\/05\/proposito-64x48.jpg 64w\" sizes=\"auto, (max-width: 653px) 100vw, 653px\" \/>\t\t\t\t\t\t\t\t\t\t\t\t\t\t\t<\/div>\n\t\t\t\t<\/div>\n\t\t\t\t\t<\/div>\n\t\t<\/div>\n\t\t\t\t\t\t\t<\/div>\n\t\t<\/section>\n\t\t\t\t\t\t\t<\/div>\n\t\t","protected":false},"excerpt":{"rendered":"<p>Nosotros Historia Proposito Marcas Proveer productos y materiales de construcci\u00f3n: Una ferreter\u00eda puede ofrecer una amplia gama de productos y materiales utilizados en proyectos de construcci\u00f3n, como madera, cemento, ladrillos, tuber\u00edas, cables, pintura, entre otros. Suministrar herramientas y equipos: Las ferreter\u00edas suelen ofrecer una variedad de herramientas manuales y el\u00e9ctricas, equipos de jardiner\u00eda, maquinaria especializada &hellip;<\/p>\n<p class=\"read-more\"> <a class=\"\" href=\"https:\/\/sanpedrocorp.com.pe\/wb\/proposito\/\"> <span class=\"screen-reader-text\">Proposito<\/span> Leer m\u00e1s &raquo;<\/a><\/p>\n","protected":false},"author":1,"featured_media":0,"parent":0,"menu_order":0,"comment_status":"closed","ping_status":"closed","template":"","meta":{"site-sidebar-layout":"no-sidebar","site-content-layout":"page-builder","ast-global-header-display":"","ast-banner-title-visibility":"","ast-main-header-display":"","ast-hfb-above-header-display":"","ast-hfb-below-header-display":"","ast-hfb-mobile-header-display":"","site-post-title":"disabled","ast-breadcrumbs-content":"","ast-featured-img":"disabled","footer-sml-layout":"","theme-transparent-header-meta":"","adv-header-id-meta":"","stick-header-meta":"","header-above-stick-meta":"","header-main-stick-meta":"","header-below-stick-meta":"","footnotes":""},"class_list":["post-384","page","type-page","status-publish","hentry"],"_links":{"self":[{"href":"https:\/\/sanpedrocorp.com.pe\/wb\/wp-json\/wp\/v2\/pages\/384","targetHints":{"allow":["GET"]}}],"collection":[{"href":"https:\/\/sanpedrocorp.com.pe\/wb\/wp-json\/wp\/v2\/pages"}],"about":[{"href":"https:\/\/sanpedrocorp.com.pe\/wb\/wp-json\/wp\/v2\/types\/page"}],"author":[{"embeddable":true,"href":"https:\/\/sanpedrocorp.com.pe\/wb\/wp-json\/wp\/v2\/users\/1"}],"replies":[{"embeddable":true,"href":"https:\/\/sanpedrocorp.com.pe\/wb\/wp-json\/wp\/v2\/comments?post=384"}],"version-history":[{"count":7,"href":"https:\/\/sanpedrocorp.com.pe\/wb\/wp-json\/wp\/v2\/pages\/384\/revisions"}],"predecessor-version":[{"id":1244,"href":"https:\/\/sanpedrocorp.com.pe\/wb\/wp-json\/wp\/v2\/pages\/384\/revisions\/1244"}],"wp:attachment":[{"href":"https:\/\/sanpedrocorp.com.pe\/wb\/wp-json\/wp\/v2\/media?parent=384"}],"curies":[{"name":"wp","href":"https:\/\/api.w.org\/{rel}","templated":true}]}}