{"id":229,"date":"2023-04-08T15:38:55","date_gmt":"2023-04-08T15:38:55","guid":{"rendered":"https:\/\/sanpedrocorp.com.pe\/wb\/?post_type=product&#038;p=229"},"modified":"2023-04-08T15:38:55","modified_gmt":"2023-04-08T15:38:55","slug":"vencelatex-mate-nuevo-blanco-ostra-1-galon","status":"publish","type":"product","link":"https:\/\/sanpedrocorp.com.pe\/wb\/product\/vencelatex-mate-nuevo-blanco-ostra-1-galon\/","title":{"rendered":"Vencelatex Mate Nuevo Blanco Ostra 1 gal\u00f3n"},"content":{"rendered":"<div class=\"ficha-citem i1\" data-attribute=\"Observaciones\">\n<h5>Observaciones<\/h5>\n<p>Se garantiza buena estabilidad en almacenamiento hasta por 12 meses, si se almacena bajo techo a temperaturas entre 4\u00b0 C a 38\u00b0 C.<\/p>\n<\/div>\n<div class=\"ficha-citem i1\" data-attribute=\"Recomendaciones De Uso\">\n<h5>Recomendaciones De Uso<\/h5>\n<p>La superficie a pintar debe estar libre de suciedad, grasa, aceite, \u00f3xido, pintura suelta, humedad y cualquier otro material extra\u00f1o. La brocha, rodillo o pistola a usar para la aplicaci\u00f3n de la pintura, se deben encontrar en buen estado. Destape el envase de la pintura y mediante una paleta ag\u00edtela hasta homogenizarla. Agregue agua potable hasta que la pintura se pueda aplicar sin defectos. As\u00ed, para la 1ra mano use un m\u00e1ximo de 1 volumen de agua por 6 vol\u00famenes de pintura. Aplique una capa delgada y uniforme, no recargar demasiado. Despu\u00e9s de 4 h de secado, aplique otra capa si se requiere. Para la 2da mano use un m\u00e1ximo de 1 volumen de agua por 8 vol\u00famenes de pintura.<\/p>\n<\/div>\n<div class=\"ficha-citem i1\" data-attribute=\"Ventajas\">\n<h5>Ventajas<\/h5>\n<p>Mayor rendimiento.<\/p>\n<\/div>\n<div class=\"ficha-citem i1\" data-attribute=\"Advertencia de uso\">\n<h5>Advertencia de uso<\/h5>\n<p>El uso o manipuleo inapropiado de este producto puede ser nocivo para la salud. No use este producto sin antes tomar todas las precauciones de seguridad. \u00c9stas deben incluir una adecuada ventilaci\u00f3n.<\/p>\n<\/div>\n","protected":false},"excerpt":{"rendered":"<div class=\"ficha_esp_item\" data-link_category=\"UI :: Producto\" data-link_action=\"Descripcion\" data-link_label=\"Descripcion\">\n<div class=\"ficha_eitem_det\">\n<p class=\"\">Pintura de gran resistencia y protecci\u00f3n con una f\u00f3rmula reforzada que optimiza la funcionalidad del l\u00e1tex adhiri\u00e9ndola con m\u00e1s facilidad a la superficie. Renueva el color de tus paredes y llena de vida todo tu hogar.<\/p>\n<\/div>\n<\/div>\n<div id=\"ficha_caract\" class=\"ficha_esp_item\" data-link_category=\"UI :: Producto\" data-link_action=\"Caracteristicas\" data-link_label=\"Caracteristicas\">\n<div class=\"ficha_eitem_title active\" data-link_category=\"UI :: Producto\" data-link_action=\"Caracteristicas\" data-link_label=\"Caracteristicas\"><\/div>\n<\/div>\n","protected":false},"featured_media":230,"comment_status":"open","ping_status":"closed","template":"","meta":{"site-sidebar-layout":"default","site-content-layout":"default","ast-global-header-display":"","ast-banner-title-visibility":"","ast-main-header-display":"","ast-hfb-above-header-display":"","ast-hfb-below-header-display":"","ast-hfb-mobile-header-display":"","site-post-title":"","ast-breadcrumbs-content":"","ast-featured-img":"","footer-sml-layout":"","theme-transparent-header-meta":"default","adv-header-id-meta":"","stick-header-meta":"","header-above-stick-meta":"","header-main-stick-meta":"","header-below-stick-meta":""},"product_cat":[17],"product_tag":[27],"class_list":["post-229","product","type-product","status-publish","has-post-thumbnail","hentry","product_cat-pintura","product_tag-acabados","desktop-align-left","tablet-align-left","mobile-align-left"],"_links":{"self":[{"href":"https:\/\/sanpedrocorp.com.pe\/wb\/wp-json\/wp\/v2\/product\/229","targetHints":{"allow":["GET"]}}],"collection":[{"href":"https:\/\/sanpedrocorp.com.pe\/wb\/wp-json\/wp\/v2\/product"}],"about":[{"href":"https:\/\/sanpedrocorp.com.pe\/wb\/wp-json\/wp\/v2\/types\/product"}],"replies":[{"embeddable":true,"href":"https:\/\/sanpedrocorp.com.pe\/wb\/wp-json\/wp\/v2\/comments?post=229"}],"wp:featuredmedia":[{"embeddable":true,"href":"https:\/\/sanpedrocorp.com.pe\/wb\/wp-json\/wp\/v2\/media\/230"}],"wp:attachment":[{"href":"https:\/\/sanpedrocorp.com.pe\/wb\/wp-json\/wp\/v2\/media?parent=229"}],"wp:term":[{"taxonomy":"product_cat","embeddable":true,"href":"https:\/\/sanpedrocorp.com.pe\/wb\/wp-json\/wp\/v2\/product_cat?post=229"},{"taxonomy":"product_tag","embeddable":true,"href":"https:\/\/sanpedrocorp.com.pe\/wb\/wp-json\/wp\/v2\/product_tag?post=229"}],"curies":[{"name":"wp","href":"https:\/\/api.w.org\/{rel}","templated":true}]}}