{"id":231,"date":"2023-04-08T15:40:27","date_gmt":"2023-04-08T15:40:27","guid":{"rendered":"https:\/\/sanpedrocorp.com.pe\/wb\/?post_type=product&#038;p=231"},"modified":"2023-04-08T15:40:27","modified_gmt":"2023-04-08T15:40:27","slug":"latex-pato-cpp-flamenco-1-galon","status":"publish","type":"product","link":"https:\/\/sanpedrocorp.com.pe\/wb\/product\/latex-pato-cpp-flamenco-1-galon\/","title":{"rendered":"Latex Pato CPP Flamenco 1 gal\u00f3n"},"content":{"rendered":"<div class=\"ficha-citem i1\" data-attribute=\"Observaciones\">\n<h5>Observaciones<\/h5>\n<p>Aplicaci\u00f3n ideal de latex para interiores, o exterior bajo sombra<\/p>\n<\/div>\n<div class=\"ficha-citem i1\" data-attribute=\"Recomendaciones De Uso\">\n<h6>Recomendaciones De Uso<\/h6>\n<p>La superficie a pintar debe estar libre de sales, suciedad, grasa, aceite, pintura suelta y cualquier otro material extra\u00f1o<\/p>\n<\/div>\n<div class=\"ficha-citem i1\" data-attribute=\"Ventajas\">\n<h5>Ventajas<\/h5>\n<p>Buen Poder Cubriente, F\u00e1cil De Aplicar, Mayor Rendimiento<\/p>\n<\/div>\n<div class=\"ficha-citem i1\" data-attribute=\"Advertencia de uso\">\n<h5>Advertencia de uso<\/h5>\n<p>En caso de ingesti\u00f3n accidental no provoque el v\u00f3mito, solicite atenci\u00f3n m\u00e9dica de inmediato. Evitar el contacto con los ojos y el contacto prolongado con la piel.<\/p>\n<\/div>\n","protected":false},"excerpt":{"rendered":"<p>Pintura de gran calidad, lujosa apariencia y fina textura con una f\u00f3rmula que satisface todas las exigencias de los usuarios de pintura. Un lavado r\u00e1pido, alta resistencia a la luz y una apariencia satinada hacen de esta pintura la opci\u00f3n ideal para llenar de color y vida tu hogar.<\/p>\n","protected":false},"featured_media":232,"comment_status":"open","ping_status":"closed","template":"","meta":{"site-sidebar-layout":"default","site-content-layout":"default","ast-global-header-display":"","ast-banner-title-visibility":"","ast-main-header-display":"","ast-hfb-above-header-display":"","ast-hfb-below-header-display":"","ast-hfb-mobile-header-display":"","site-post-title":"","ast-breadcrumbs-content":"","ast-featured-img":"","footer-sml-layout":"","theme-transparent-header-meta":"default","adv-header-id-meta":"","stick-header-meta":"","header-above-stick-meta":"","header-main-stick-meta":"","header-below-stick-meta":""},"product_cat":[17],"product_tag":[27],"class_list":["post-231","product","type-product","status-publish","has-post-thumbnail","hentry","product_cat-pintura","product_tag-acabados","desktop-align-left","tablet-align-left","mobile-align-left"],"_links":{"self":[{"href":"https:\/\/sanpedrocorp.com.pe\/wb\/wp-json\/wp\/v2\/product\/231","targetHints":{"allow":["GET"]}}],"collection":[{"href":"https:\/\/sanpedrocorp.com.pe\/wb\/wp-json\/wp\/v2\/product"}],"about":[{"href":"https:\/\/sanpedrocorp.com.pe\/wb\/wp-json\/wp\/v2\/types\/product"}],"replies":[{"embeddable":true,"href":"https:\/\/sanpedrocorp.com.pe\/wb\/wp-json\/wp\/v2\/comments?post=231"}],"wp:featuredmedia":[{"embeddable":true,"href":"https:\/\/sanpedrocorp.com.pe\/wb\/wp-json\/wp\/v2\/media\/232"}],"wp:attachment":[{"href":"https:\/\/sanpedrocorp.com.pe\/wb\/wp-json\/wp\/v2\/media?parent=231"}],"wp:term":[{"taxonomy":"product_cat","embeddable":true,"href":"https:\/\/sanpedrocorp.com.pe\/wb\/wp-json\/wp\/v2\/product_cat?post=231"},{"taxonomy":"product_tag","embeddable":true,"href":"https:\/\/sanpedrocorp.com.pe\/wb\/wp-json\/wp\/v2\/product_tag?post=231"}],"curies":[{"name":"wp","href":"https:\/\/api.w.org\/{rel}","templated":true}]}}